{"id":5270,"date":"2023-01-09T12:41:36","date_gmt":"2023-01-09T16:41:36","guid":{"rendered":"https:\/\/gc.tdgrepo.com\/contactenos\/"},"modified":"2023-09-20T13:58:09","modified_gmt":"2023-09-20T17:58:09","slug":"contactenos","status":"publish","type":"page","link":"https:\/\/greenercorp.com\/es\/contactenos\/","title":{"rendered":"Cont\u00e1ctenos"},"content":{"rendered":"\t\t<div data-elementor-type=\"wp-page\" data-elementor-id=\"5270\" class=\"elementor elementor-5270 elementor-3048\" data-elementor-post-type=\"page\">\n\t\t\t\t\t\t<section class=\"elementor-section elementor-top-section elementor-element elementor-element-848562e elementor-section-full_width elementor-section-height-default elementor-section-height-default\" data-id=\"848562e\" data-element_type=\"section\">\n\t\t\t\t\t\t<div class=\"elementor-container elementor-column-gap-no\">\n\t\t\t\t\t<div class=\"elementor-column elementor-col-100 elementor-top-column elementor-element elementor-element-01ed1e9\" data-id=\"01ed1e9\" data-element_type=\"column\">\n\t\t\t<div class=\"elementor-widget-wrap elementor-element-populated\">\n\t\t\t\t\t\t<div class=\"elementor-element elementor-element-f874e2f elementor-widget elementor-widget-tdg-page-title\" data-id=\"f874e2f\" data-element_type=\"widget\" data-widget_type=\"tdg-page-title.default\">\n\t\t\t\t<div class=\"elementor-widget-container\">\n\t\t\t\t\t            <div class=\"tdg-page-title red-theme default\">\n                <div class=\"container\">\n                    <div class=\"wrapper-title\">\n                        <h1>Cont\u00e1ctenos<\/h1>\n                    <\/div>\n                <\/div>\n            <\/div>\n\t\t\t\t<\/div>\n\t\t\t\t<\/div>\n\t\t\t\t\t<\/div>\n\t\t<\/div>\n\t\t\t\t\t<\/div>\n\t\t<\/section>\n\t\t\t\t<section class=\"elementor-section elementor-top-section elementor-element elementor-element-7bcc9cb elementor-section-boxed elementor-section-height-default elementor-section-height-default\" data-id=\"7bcc9cb\" data-element_type=\"section\" data-settings=\"{&quot;background_background&quot;:&quot;classic&quot;}\">\n\t\t\t\t\t\t<div class=\"elementor-container elementor-column-gap-no\">\n\t\t\t\t\t<div class=\"elementor-column elementor-col-100 elementor-top-column elementor-element elementor-element-8beed04\" data-id=\"8beed04\" data-element_type=\"column\">\n\t\t\t<div class=\"elementor-widget-wrap elementor-element-populated\">\n\t\t\t\t\t\t<div class=\"elementor-element elementor-element-58c0f1c elementor-widget elementor-widget-tdg-spacer\" data-id=\"58c0f1c\" data-element_type=\"widget\" data-widget_type=\"tdg-spacer.default\">\n\t\t\t\t<div class=\"elementor-widget-container\">\n\t\t\t\t\t\n<div class=\"spacer-block default small\"><\/div>\n\n\t\t\t\t<\/div>\n\t\t\t\t<\/div>\n\t\t\t\t\t<\/div>\n\t\t<\/div>\n\t\t\t\t\t<\/div>\n\t\t<\/section>\n\t\t\t\t<section class=\"elementor-section elementor-top-section elementor-element elementor-element-b34c3d2 elementor-section-boxed elementor-section-height-default elementor-section-height-default\" data-id=\"b34c3d2\" data-element_type=\"section\" data-settings=\"{&quot;background_background&quot;:&quot;classic&quot;}\">\n\t\t\t\t\t\t<div class=\"elementor-container elementor-column-gap-default\">\n\t\t\t\t\t<div class=\"elementor-column elementor-col-66 elementor-top-column elementor-element elementor-element-a66653f\" data-id=\"a66653f\" data-element_type=\"column\">\n\t\t\t<div class=\"elementor-widget-wrap elementor-element-populated\">\n\t\t\t\t\t\t<div class=\"elementor-element elementor-element-219d9a5 elementor-widget elementor-widget-text-editor\" data-id=\"219d9a5\" data-element_type=\"widget\" data-widget_type=\"text-editor.default\">\n\t\t\t\t<div class=\"elementor-widget-container\">\n\t\t\t\t\t\t\t\t\t<p>Env\u00ede el formulario que se muestra a continuaci\u00f3n a la sede mundial de Greener Corporation en Bayville, NJ, EEUU, y los miembros de nuestro equipo que brindan servicio y soporte para su regi\u00f3n responder\u00e1n de inmediato a su consulta.<\/p>\t\t\t\t\t\t\t\t<\/div>\n\t\t\t\t<\/div>\n\t\t\t\t<div class=\"elementor-element elementor-element-c6dc401 elementor-widget elementor-widget-html\" data-id=\"c6dc401\" data-element_type=\"widget\" data-widget_type=\"html.default\">\n\t\t\t\t<div class=\"elementor-widget-container\">\n\t\t\t\t\t\n\n<!-- SharpSpring Form for GC - Contact Us Form (Spanish)  -->\n<script type=\"text\/javascript\">\n    var ss_form = {'account': 'MzawMLE0sTAwAQA', 'formID': 'SzMzSDMzTTHQTTYyMdI1MTVL1rUwSDTRNTQwT7VMszAxszS2BAA'};\n    ss_form.width = '100%';\n    ss_form.domain = 'app-3QNTS6T2JG.marketingautomation.services';\n    ss_form.hidden = {'_usePlaceholders': true};\n    \/\/ ss_form.hidden = {'field_id': 'value'}; \/\/ Modify this for sending hidden variables, or overriding values\n    \/\/ ss_form.target_id = 'target'; \/\/ Optional parameter: forms will be placed inside the element with the specified id\n    \/\/ ss_form.polling = true; \/\/ Optional parameter: set to true ONLY if your page loads dynamically and the id needs to be polled continually.\n<\/script>\n<script type=\"text\/javascript\" src=\"https:\/\/koi-3QNTS6T2JG.marketingautomation.services\/client\/form.js?ver=2.0.1\"><\/script>\n\n\t\t\t\t<\/div>\n\t\t\t\t<\/div>\n\t\t\t\t\t<\/div>\n\t\t<\/div>\n\t\t\t\t<div class=\"elementor-column elementor-col-33 elementor-top-column elementor-element elementor-element-fb621cb\" data-id=\"fb621cb\" data-element_type=\"column\">\n\t\t\t<div class=\"elementor-widget-wrap elementor-element-populated\">\n\t\t\t\t\t\t<div class=\"elementor-element elementor-element-182d70e elementor-widget elementor-widget-heading\" data-id=\"182d70e\" data-element_type=\"widget\" data-widget_type=\"heading.default\">\n\t\t\t\t<div class=\"elementor-widget-container\">\n\t\t\t\t\t<h5 class=\"elementor-heading-title elementor-size-default\">Greener Corporation<\/h5>\t\t\t\t<\/div>\n\t\t\t\t<\/div>\n\t\t\t\t<div class=\"elementor-element elementor-element-188d9f3 elementor-widget elementor-widget-text-editor\" data-id=\"188d9f3\" data-element_type=\"widget\" data-widget_type=\"text-editor.default\">\n\t\t\t\t<div class=\"elementor-widget-container\">\n\t\t\t\t\t\t\t\t\t<p>4 Helmly Street<br \/>Bayville, NJ 08721 EEUU<br \/>Tel\u00e9fono: +1 (732) 341-3880<br \/>Fax: +1 (732) 286-7842<br \/>Correo electr\u00f3nico: <strong><a href=\"mailto:custserv@greenercorp.com\">custserv@greenercorp.com<\/a><\/strong><\/p>\t\t\t\t\t\t\t\t<\/div>\n\t\t\t\t<\/div>\n\t\t\t\t<div class=\"elementor-element elementor-element-e541b67 elementor-widget elementor-widget-button\" data-id=\"e541b67\" data-element_type=\"widget\" data-widget_type=\"button.default\">\n\t\t\t\t<div class=\"elementor-widget-container\">\n\t\t\t\t\t\t\t\t\t<div class=\"elementor-button-wrapper\">\n\t\t\t\t\t<a class=\"elementor-button elementor-button-link elementor-size-sm\" href=\"https:\/\/www.google.com\/maps\/dir\/\/4+Helmly+St,+Bayville,+NJ+08721\/@39.907713,-74.173264,16z\/data=!4m9!4m8!1m0!1m5!1m1!1s0x89c19e551ac8745b:0xc8c883e0af317124!2m2!1d-74.1732636!2d39.9077126!3e0?hl=es\">\n\t\t\t\t\t\t<span class=\"elementor-button-content-wrapper\">\n\t\t\t\t\t\t\t\t\t<span class=\"elementor-button-text\">Obtener las direcciones<\/span>\n\t\t\t\t\t<\/span>\n\t\t\t\t\t<\/a>\n\t\t\t\t<\/div>\n\t\t\t\t\t\t\t\t<\/div>\n\t\t\t\t<\/div>\n\t\t\t\t<div class=\"elementor-element elementor-element-a8efc63 elementor-widget elementor-widget-google_maps\" data-id=\"a8efc63\" data-element_type=\"widget\" data-widget_type=\"google_maps.default\">\n\t\t\t\t<div class=\"elementor-widget-container\">\n\t\t\t\t\t\t\t<div class=\"elementor-custom-embed\">\n\t\t\t<iframe loading=\"lazy\"\n\t\t\t\t\tsrc=\"https:\/\/maps.google.com\/maps?q=4%20Helmly%20St.%20Bayville%2C%20NJ%2008721%20USA&#038;t=m&#038;z=16&#038;output=embed&#038;iwloc=near\"\n\t\t\t\t\ttitle=\"4 Helmly St. Bayville, NJ 08721 USA\"\n\t\t\t\t\taria-label=\"4 Helmly St. Bayville, NJ 08721 USA\"\n\t\t\t><\/iframe>\n\t\t<\/div>\n\t\t\t\t\t\t<\/div>\n\t\t\t\t<\/div>\n\t\t\t\t\t<\/div>\n\t\t<\/div>\n\t\t\t\t\t<\/div>\n\t\t<\/section>\n\t\t\t\t<section class=\"elementor-section elementor-top-section elementor-element elementor-element-b3adc9f elementor-section-boxed elementor-section-height-default elementor-section-height-default\" data-id=\"b3adc9f\" data-element_type=\"section\" data-settings=\"{&quot;background_background&quot;:&quot;classic&quot;}\">\n\t\t\t\t\t\t<div class=\"elementor-container elementor-column-gap-no\">\n\t\t\t\t\t<div class=\"elementor-column elementor-col-100 elementor-top-column elementor-element elementor-element-c8c5da2\" data-id=\"c8c5da2\" data-element_type=\"column\">\n\t\t\t<div class=\"elementor-widget-wrap elementor-element-populated\">\n\t\t\t\t\t\t<div class=\"elementor-element elementor-element-87e85c2 elementor-widget elementor-widget-tdg-spacer\" data-id=\"87e85c2\" data-element_type=\"widget\" data-widget_type=\"tdg-spacer.default\">\n\t\t\t\t<div class=\"elementor-widget-container\">\n\t\t\t\t\t\n<div class=\"spacer-block default medium\"><\/div>\n\n\t\t\t\t<\/div>\n\t\t\t\t<\/div>\n\t\t\t\t\t<\/div>\n\t\t<\/div>\n\t\t\t\t\t<\/div>\n\t\t<\/section>\n\t\t\t\t<section class=\"elementor-section elementor-top-section elementor-element elementor-element-4ec96d04 elementor-section-boxed elementor-section-height-default elementor-section-height-default\" data-id=\"4ec96d04\" data-element_type=\"section\" data-settings=\"{&quot;background_background&quot;:&quot;classic&quot;}\">\n\t\t\t\t\t\t<div class=\"elementor-container elementor-column-gap-default\">\n\t\t\t\t\t<div class=\"elementor-column elementor-col-50 elementor-top-column elementor-element elementor-element-7d1734d0\" data-id=\"7d1734d0\" data-element_type=\"column\">\n\t\t\t<div class=\"elementor-widget-wrap elementor-element-populated\">\n\t\t\t\t\t\t<div class=\"elementor-element elementor-element-6d2386ad elementor-widget elementor-widget-heading\" data-id=\"6d2386ad\" data-element_type=\"widget\" data-widget_type=\"heading.default\">\n\t\t\t\t<div class=\"elementor-widget-container\">\n\t\t\t\t\t<h4 class=\"elementor-heading-title elementor-size-default\">Suscr\u00edbase al blog de recursos t\u00e9cnicos de Greener Corporation<\/h4>\t\t\t\t<\/div>\n\t\t\t\t<\/div>\n\t\t\t\t<div class=\"elementor-element elementor-element-413c2c95 elementor-widget elementor-widget-text-editor\" data-id=\"413c2c95\" data-element_type=\"widget\" data-widget_type=\"text-editor.default\">\n\t\t\t\t<div class=\"elementor-widget-container\">\n\t\t\t\t\t\t\t\t\t<p>Complete el formulario para recibir una notificaci\u00f3n cuando agreguemos nuevas publicaciones y videos de Recursos T\u00e9cnicos para envolvedoras horizontales y envasadoras verticales FFS.<\/p>\t\t\t\t\t\t\t\t<\/div>\n\t\t\t\t<\/div>\n\t\t\t\t\t<\/div>\n\t\t<\/div>\n\t\t\t\t<div class=\"elementor-column elementor-col-50 elementor-top-column elementor-element elementor-element-7b2e39c\" data-id=\"7b2e39c\" data-element_type=\"column\">\n\t\t\t<div class=\"elementor-widget-wrap elementor-element-populated\">\n\t\t\t\t\t\t<div class=\"elementor-element elementor-element-1de6d4b elementor-widget elementor-widget-html\" data-id=\"1de6d4b\" data-element_type=\"widget\" data-widget_type=\"html.default\">\n\t\t\t\t<div class=\"elementor-widget-container\">\n\t\t\t\t\t\n\n<!-- SharpSpring Form for GC - Newsletter Sign Up Form (Spanish)  -->\n<script type=\"text\/javascript\">\n    var ss_form = {'account': 'MzawMLE0sTAwAQA', 'formID': 'M00xMklLTbTQtTBIsdQ1MUo10rUwtEzSTTUxs0hLTE42Sk5NAwA'};\n    ss_form.width = '100%';\n    ss_form.domain = 'app-3QNTS6T2JG.marketingautomation.services';\n    ss_form.hidden = {'_usePlaceholders': true};\n    \/\/ ss_form.hidden = {'field_id': 'value'}; \/\/ Modify this for sending hidden variables, or overriding values\n    \/\/ ss_form.target_id = 'target'; \/\/ Optional parameter: forms will be placed inside the element with the specified id\n    \/\/ ss_form.polling = true; \/\/ Optional parameter: set to true ONLY if your page loads dynamically and the id needs to be polled continually.\n<\/script>\n<script type=\"text\/javascript\" src=\"https:\/\/koi-3QNTS6T2JG.marketingautomation.services\/client\/form.js?ver=2.0.1\"><\/script>\n\n\t\t\t\t<\/div>\n\t\t\t\t<\/div>\n\t\t\t\t\t<\/div>\n\t\t<\/div>\n\t\t\t\t\t<\/div>\n\t\t<\/section>\n\t\t\t\t<\/div>\n\t\t","protected":false},"excerpt":{"rendered":"<p>Cont\u00e1ctenos Env\u00ede el formulario que se muestra a continuaci\u00f3n a la sede mundial de Greener Corporation en Bayville, NJ, EEUU, y los miembros de nuestro equipo que brindan servicio y soporte para su regi\u00f3n responder\u00e1n de inmediato a su consulta. Greener Corporation 4 Helmly Street Bayville, NJ 08721 EEUU Tel\u00e9fono: +1 (732) 341-3880 Fax: +1 [&hellip;]<\/p>\n","protected":false},"author":1,"featured_media":0,"parent":0,"menu_order":0,"comment_status":"closed","ping_status":"closed","template":"","meta":{"_acf_changed":false,"footnotes":""},"class_list":["post-5270","page","type-page","status-publish","hentry"],"acf":[],"yoast_head":"<!-- This site is optimized with the Yoast SEO plugin v25.5 - https:\/\/yoast.com\/wordpress\/plugins\/seo\/ -->\n<title>Cont\u00e1ctenos | Greener Corporation<\/title>\n<meta name=\"description\" content=\"\u00bfNecesitas cont\u00e1ctenos? Env\u00ede un formulario y el miembro de nuestro equipo ubicado en su regi\u00f3n responder\u00e1 r\u00e1pidamente a su consulta.\" \/>\n<meta name=\"robots\" content=\"index, follow, max-snippet:-1, max-image-preview:large, max-video-preview:-1\" \/>\n<link rel=\"canonical\" href=\"https:\/\/greenercorp.com\/es\/contactenos\/\" \/>\n<meta property=\"og:locale\" content=\"es_ES\" \/>\n<meta property=\"og:type\" content=\"article\" \/>\n<meta property=\"og:title\" content=\"Cont\u00e1ctenos | Greener Corporation\" \/>\n<meta property=\"og:description\" content=\"\u00bfNecesitas cont\u00e1ctenos? Env\u00ede un formulario y el miembro de nuestro equipo ubicado en su regi\u00f3n responder\u00e1 r\u00e1pidamente a su consulta.\" \/>\n<meta property=\"og:url\" content=\"https:\/\/greenercorp.com\/es\/contactenos\/\" \/>\n<meta property=\"og:site_name\" content=\"Greener Corporation\" \/>\n<meta property=\"article:modified_time\" content=\"2023-09-20T17:58:09+00:00\" \/>\n<meta name=\"twitter:card\" content=\"summary_large_image\" \/>\n<meta name=\"twitter:label1\" content=\"Tiempo de lectura\" \/>\n\t<meta name=\"twitter:data1\" content=\"1 minuto\" \/>\n<script type=\"application\/ld+json\" class=\"yoast-schema-graph\">{\"@context\":\"https:\/\/schema.org\",\"@graph\":[{\"@type\":\"WebPage\",\"@id\":\"https:\/\/greenercorp.com\/es\/contactenos\/\",\"url\":\"https:\/\/greenercorp.com\/es\/contactenos\/\",\"name\":\"Cont\u00e1ctenos | Greener Corporation\",\"isPartOf\":{\"@id\":\"https:\/\/greenercorp.com\/es\/#website\"},\"datePublished\":\"2023-01-09T16:41:36+00:00\",\"dateModified\":\"2023-09-20T17:58:09+00:00\",\"description\":\"\u00bfNecesitas cont\u00e1ctenos? Env\u00ede un formulario y el miembro de nuestro equipo ubicado en su regi\u00f3n responder\u00e1 r\u00e1pidamente a su consulta.\",\"breadcrumb\":{\"@id\":\"https:\/\/greenercorp.com\/es\/contactenos\/#breadcrumb\"},\"inLanguage\":\"es\",\"potentialAction\":[{\"@type\":\"ReadAction\",\"target\":[\"https:\/\/greenercorp.com\/es\/contactenos\/\"]}]},{\"@type\":\"BreadcrumbList\",\"@id\":\"https:\/\/greenercorp.com\/es\/contactenos\/#breadcrumb\",\"itemListElement\":[{\"@type\":\"ListItem\",\"position\":1,\"name\":\"Home\",\"item\":\"https:\/\/greenercorp.com\/es\/\"},{\"@type\":\"ListItem\",\"position\":2,\"name\":\"Cont\u00e1ctenos\"}]},{\"@type\":\"WebSite\",\"@id\":\"https:\/\/greenercorp.com\/es\/#website\",\"url\":\"https:\/\/greenercorp.com\/es\/\",\"name\":\"Greener Corporation\",\"description\":\"Just another WordPress site\",\"publisher\":{\"@id\":\"https:\/\/greenercorp.com\/es\/#organization\"},\"potentialAction\":[{\"@type\":\"SearchAction\",\"target\":{\"@type\":\"EntryPoint\",\"urlTemplate\":\"https:\/\/greenercorp.com\/es\/?s={search_term_string}\"},\"query-input\":{\"@type\":\"PropertyValueSpecification\",\"valueRequired\":true,\"valueName\":\"search_term_string\"}}],\"inLanguage\":\"es\"},{\"@type\":\"Organization\",\"@id\":\"https:\/\/greenercorp.com\/es\/#organization\",\"name\":\"Greener Corporation\",\"url\":\"https:\/\/greenercorp.com\/es\/\",\"logo\":{\"@type\":\"ImageObject\",\"inLanguage\":\"es\",\"@id\":\"https:\/\/greenercorp.com\/es\/#\/schema\/logo\/image\/\",\"url\":\"https:\/\/greenercorp.com\/wp-content\/uploads\/2022\/07\/Greener-Logo.svg\",\"contentUrl\":\"https:\/\/greenercorp.com\/wp-content\/uploads\/2022\/07\/Greener-Logo.svg\",\"caption\":\"Greener Corporation\"},\"image\":{\"@id\":\"https:\/\/greenercorp.com\/es\/#\/schema\/logo\/image\/\"}}]}<\/script>\n<!-- \/ Yoast SEO plugin. -->","yoast_head_json":{"title":"Cont\u00e1ctenos | Greener Corporation","description":"\u00bfNecesitas cont\u00e1ctenos? Env\u00ede un formulario y el miembro de nuestro equipo ubicado en su regi\u00f3n responder\u00e1 r\u00e1pidamente a su consulta.","robots":{"index":"index","follow":"follow","max-snippet":"max-snippet:-1","max-image-preview":"max-image-preview:large","max-video-preview":"max-video-preview:-1"},"canonical":"https:\/\/greenercorp.com\/es\/contactenos\/","og_locale":"es_ES","og_type":"article","og_title":"Cont\u00e1ctenos | Greener Corporation","og_description":"\u00bfNecesitas cont\u00e1ctenos? Env\u00ede un formulario y el miembro de nuestro equipo ubicado en su regi\u00f3n responder\u00e1 r\u00e1pidamente a su consulta.","og_url":"https:\/\/greenercorp.com\/es\/contactenos\/","og_site_name":"Greener Corporation","article_modified_time":"2023-09-20T17:58:09+00:00","twitter_card":"summary_large_image","twitter_misc":{"Tiempo de lectura":"1 minuto"},"schema":{"@context":"https:\/\/schema.org","@graph":[{"@type":"WebPage","@id":"https:\/\/greenercorp.com\/es\/contactenos\/","url":"https:\/\/greenercorp.com\/es\/contactenos\/","name":"Cont\u00e1ctenos | Greener Corporation","isPartOf":{"@id":"https:\/\/greenercorp.com\/es\/#website"},"datePublished":"2023-01-09T16:41:36+00:00","dateModified":"2023-09-20T17:58:09+00:00","description":"\u00bfNecesitas cont\u00e1ctenos? Env\u00ede un formulario y el miembro de nuestro equipo ubicado en su regi\u00f3n responder\u00e1 r\u00e1pidamente a su consulta.","breadcrumb":{"@id":"https:\/\/greenercorp.com\/es\/contactenos\/#breadcrumb"},"inLanguage":"es","potentialAction":[{"@type":"ReadAction","target":["https:\/\/greenercorp.com\/es\/contactenos\/"]}]},{"@type":"BreadcrumbList","@id":"https:\/\/greenercorp.com\/es\/contactenos\/#breadcrumb","itemListElement":[{"@type":"ListItem","position":1,"name":"Home","item":"https:\/\/greenercorp.com\/es\/"},{"@type":"ListItem","position":2,"name":"Cont\u00e1ctenos"}]},{"@type":"WebSite","@id":"https:\/\/greenercorp.com\/es\/#website","url":"https:\/\/greenercorp.com\/es\/","name":"Greener Corporation","description":"Just another WordPress site","publisher":{"@id":"https:\/\/greenercorp.com\/es\/#organization"},"potentialAction":[{"@type":"SearchAction","target":{"@type":"EntryPoint","urlTemplate":"https:\/\/greenercorp.com\/es\/?s={search_term_string}"},"query-input":{"@type":"PropertyValueSpecification","valueRequired":true,"valueName":"search_term_string"}}],"inLanguage":"es"},{"@type":"Organization","@id":"https:\/\/greenercorp.com\/es\/#organization","name":"Greener Corporation","url":"https:\/\/greenercorp.com\/es\/","logo":{"@type":"ImageObject","inLanguage":"es","@id":"https:\/\/greenercorp.com\/es\/#\/schema\/logo\/image\/","url":"https:\/\/greenercorp.com\/wp-content\/uploads\/2022\/07\/Greener-Logo.svg","contentUrl":"https:\/\/greenercorp.com\/wp-content\/uploads\/2022\/07\/Greener-Logo.svg","caption":"Greener Corporation"},"image":{"@id":"https:\/\/greenercorp.com\/es\/#\/schema\/logo\/image\/"}}]}},"_links":{"self":[{"href":"https:\/\/greenercorp.com\/es\/wp-json\/wp\/v2\/pages\/5270","targetHints":{"allow":["GET"]}}],"collection":[{"href":"https:\/\/greenercorp.com\/es\/wp-json\/wp\/v2\/pages"}],"about":[{"href":"https:\/\/greenercorp.com\/es\/wp-json\/wp\/v2\/types\/page"}],"author":[{"embeddable":true,"href":"https:\/\/greenercorp.com\/es\/wp-json\/wp\/v2\/users\/1"}],"replies":[{"embeddable":true,"href":"https:\/\/greenercorp.com\/es\/wp-json\/wp\/v2\/comments?post=5270"}],"version-history":[{"count":27,"href":"https:\/\/greenercorp.com\/es\/wp-json\/wp\/v2\/pages\/5270\/revisions"}],"predecessor-version":[{"id":12259,"href":"https:\/\/greenercorp.com\/es\/wp-json\/wp\/v2\/pages\/5270\/revisions\/12259"}],"wp:attachment":[{"href":"https:\/\/greenercorp.com\/es\/wp-json\/wp\/v2\/media?parent=5270"}],"curies":[{"name":"wp","href":"https:\/\/api.w.org\/{rel}","templated":true}]}}